{"id":13,"date":"2012-04-28T23:57:31","date_gmt":"2012-04-28T21:57:31","guid":{"rendered":"http:\/\/intern.walross-gelandet.de\/?page_id=13"},"modified":"2012-05-27T14:05:38","modified_gmt":"2012-05-27T12:05:38","slug":"impressum","status":"publish","type":"page","link":"https:\/\/www.walross-gelandet.de\/?page_id=13","title":{"rendered":"Impressum"},"content":{"rendered":"<p><strong>walross-gelandet.de<\/strong><\/p>\n<p>kann bleibende Sch\u00e4den verursachen. Lesen Sie daher nur dann in diesem Blog, wenn Sie \u00e4lter als 21 Jahre, gut gelaunt, gesund\u00a0und sich sicher sind dass Sie lesen k\u00f6nnen. Das Klicken auf sog. <a title=\"Sie sollen auf keine Links klicken!\" href=\"http:\/\/www.bnr.de\/\" target=\"_blank\">Links<\/a> auf dieser Site ist explizit verboten. Sollten Sie dieses Funktion dennoch nutzen sind Sie pers\u00f6nlich verantwortlich, wenn Sie bei einem solchen Versto\u00df Ansto\u00df an absto\u00dfenden Inhalten nehmen.<\/p>\n<p>Das gelandete Walross: <a href=\"mailto:michael@walross-gelandet.de\">michael@walross-gelandet.de<\/a><\/p>\n","protected":false},"excerpt":{"rendered":"<p>walross-gelandet.de kann bleibende Sch\u00e4den verursachen. Lesen Sie daher nur dann in diesem Blog, wenn Sie \u00e4lter als 21 Jahre, gut gelaunt, gesund\u00a0und sich sicher sind dass Sie lesen k\u00f6nnen. Das Klicken auf sog. Links auf dieser Site ist explizit verboten. &hellip; <a class=\"more-link\" href=\"https:\/\/www.walross-gelandet.de\/?page_id=13\">[&#8230;]<\/a><\/p>\n","protected":false},"author":1,"featured_media":0,"parent":0,"menu_order":0,"comment_status":"closed","ping_status":"closed","template":"","meta":[],"_links":{"self":[{"href":"https:\/\/www.walross-gelandet.de\/index.php?rest_route=\/wp\/v2\/pages\/13"}],"collection":[{"href":"https:\/\/www.walross-gelandet.de\/index.php?rest_route=\/wp\/v2\/pages"}],"about":[{"href":"https:\/\/www.walross-gelandet.de\/index.php?rest_route=\/wp\/v2\/types\/page"}],"author":[{"embeddable":true,"href":"https:\/\/www.walross-gelandet.de\/index.php?rest_route=\/wp\/v2\/users\/1"}],"replies":[{"embeddable":true,"href":"https:\/\/www.walross-gelandet.de\/index.php?rest_route=%2Fwp%2Fv2%2Fcomments&post=13"}],"version-history":[{"count":8,"href":"https:\/\/www.walross-gelandet.de\/index.php?rest_route=\/wp\/v2\/pages\/13\/revisions"}],"predecessor-version":[{"id":18,"href":"https:\/\/www.walross-gelandet.de\/index.php?rest_route=\/wp\/v2\/pages\/13\/revisions\/18"}],"wp:attachment":[{"href":"https:\/\/www.walross-gelandet.de\/index.php?rest_route=%2Fwp%2Fv2%2Fmedia&parent=13"}],"curies":[{"name":"wp","href":"https:\/\/api.w.org\/{rel}","templated":true}]}}